{"id":12766,"date":"2024-01-26T06:56:39","date_gmt":"2024-01-26T06:56:39","guid":{"rendered":"https:\/\/alanclinic.loomjet.com\/?page_id=12766"},"modified":"2024-01-26T07:11:12","modified_gmt":"2024-01-26T07:11:12","slug":"rediscover-your-smile-unveiling-the-dental-implant-procedure-at-alan-clinic","status":"publish","type":"page","link":"https:\/\/alan-clinic.com\/fr\/rediscover-your-smile-unveiling-the-dental-implant-procedure-at-alan-clinic\/","title":{"rendered":"Red\u00e9couvrez votre sourire en d\u00e9voilant la proc\u00e9dure d&#039;implantation dentaire \u00e0 la clinique Alan"},"content":{"rendered":"<div class=\"wpb-content-wrapper\"><div class=\"vc_row wpb_row vc_row-fluid\"><div class=\"wpb_column vc_column_container vc_col-sm-12\"><div class=\"vc_column-inner\"><div class=\"wpb_wrapper\"><div  class=\"vc_wp_text wpb_content_element\"><div class=\"widget widget_text\">\t\t\t<div class=\"textwidget\"><p>Bienvenue \u00e0 la Clinique Alan, o\u00f9 nous nous sp\u00e9cialisons dans la restauration du sourire et de la confiance gr\u00e2ce \u00e0 des solutions dentaires de pointe. Si vous recherchez un remplacement permanent et naturel des dents manquantes, notre proc\u00e9dure d\u2019implant dentaire est la solution id\u00e9ale pour vous. D\u00e9couvrez comment Alan Clinic combine expertise et innovation pour ramener la joie d&#039;un sourire complet et fonctionnel gr\u00e2ce \u00e0 nos op\u00e9rations d&#039;implants dentaires transparentes.<\/p>\n<h4><strong>Comprendre les implants dentaires\u00a0:<\/strong><\/h4>\n<p>Les implants dentaires sont la r\u00e9f\u00e9rence en mati\u00e8re de remplacement dentaire, offrant une solution durable qui imite l\u2019apparence et la sensation des dents naturelles. \u00c0 la clinique Alan, notre proc\u00e9dure d&#039;implant dentaire implique la pose chirurgicale de tiges en titane dans l&#039;os de la m\u00e2choire pour servir d&#039;ancrages s\u00e9curis\u00e9s pour des dents proth\u00e9tiques r\u00e9alistes.<\/p>\n<h4><strong>La proc\u00e9dure d\u2019implantation dentaire de la clinique Alan\u00a0:<\/strong><\/h4>\n<ol>\n<li><strong>Consultation globale\u00a0:<\/strong> Votre voyage commence par un examen approfondi et une consultation avec notre \u00e9quipe dentaire exp\u00e9riment\u00e9e. Nous \u00e9valuons votre sant\u00e9 bucco-dentaire, discutons de vos objectifs de traitement et \u00e9laborons un plan personnalis\u00e9 adapt\u00e9 \u00e0 vos besoins uniques.<\/li>\n<li><strong>Imagerie num\u00e9rique et planification du traitement\u00a0:<\/strong> Utilisant une technologie de pointe, nous utilisons l\u2019imagerie num\u00e9rique pour cr\u00e9er une carte 3D pr\u00e9cise de votre m\u00e2choire. Cela permet une planification pr\u00e9cise du traitement, garantissant un placement optimal des implants dentaires pour plus de stabilit\u00e9 et d\u2019esth\u00e9tique.<\/li>\n<li><strong>Placement chirurgical\u00a0:<\/strong> L&#039;\u00e9tape suivante implique la mise en place chirurgicale des tenons de l&#039;implant en titane dans la m\u00e2choire. Nos chirurgiens bucco-dentaires qualifi\u00e9s effectuent cette proc\u00e9dure avec pr\u00e9cision et soin, garantissant un inconfort minimal et une int\u00e9gration transparente avec votre os naturel.<\/li>\n<li><strong>Ost\u00e9oint\u00e9gration :<\/strong> Au cours des mois suivants, les implants subissent un processus appel\u00e9 ost\u00e9oint\u00e9gration, au cours duquel ils fusionnent avec l&#039;os environnant. Cette int\u00e9gration garantit une base stable pour les dents proth\u00e9tiques et offre la solidit\u00e9 et la fonctionnalit\u00e9 des dents naturelles.<\/li>\n<li><strong>Mise en place du pilier\u00a0:<\/strong> Une fois l\u2019ost\u00e9oint\u00e9gration termin\u00e9e, les piliers sont fix\u00e9s aux implants. Ces connecteurs servent de base pour la mise en place des couronnes, ponts ou proth\u00e8ses d\u00e9finitifs.<\/li>\n<li><strong>Restauration proth\u00e9tique personnalis\u00e9e :<\/strong> Alan Clinic est fi\u00e8re de fabriquer des restaurations proth\u00e9tiques personnalis\u00e9es qui correspondent \u00e0 la forme, \u00e0 la couleur et \u00e0 l&#039;alignement de vos dents naturelles. Le r\u00e9sultat est un sourire homog\u00e8ne et naturel qui am\u00e9liore \u00e0 la fois l\u2019esth\u00e9tique et la fonctionnalit\u00e9.<\/li>\n<\/ol>\n<h4><strong>Pourquoi choisir la clinique Alan pour vos implants dentaires ?<\/strong><\/h4>\n<ol>\n<li><strong>Sp\u00e9cialistes implantaires exp\u00e9riment\u00e9s\u00a0:<\/strong> Notre \u00e9quipe comprend des chirurgiens bucco-dentaires hautement qualifi\u00e9s et des sp\u00e9cialistes des implants poss\u00e9dant une vaste exp\u00e9rience dans la pose r\u00e9ussie d\u2019implants.<\/li>\n<li><strong>Technologie de pointe:<\/strong> Alan Clinic est \u00e9quip\u00e9e des derni\u00e8res technologies dentaires, garantissant des diagnostics, une planification de traitement et une pose d&#039;implants pr\u00e9cis pour des r\u00e9sultats optimaux.<\/li>\n<li><strong>Soins centr\u00e9s sur le patient\u00a0:<\/strong> Nous accordons la priorit\u00e9 \u00e0 votre confort et \u00e0 votre satisfaction. De la consultation initiale \u00e0 la restauration finale, notre \u00e9quipe se consacre \u00e0 fournir des soins empreints de compassion et centr\u00e9s sur le patient.<\/li>\n<\/ol>\n<h4><strong>Conclusion:<\/strong><\/h4>\n<p>\u00c0 la Clinique Alan, nous croyons qu\u2019un sourire complet et radieux est \u00e0 la port\u00e9e de tous. Notre proc\u00e9dure d\u2019implant dentaire offre une solution permanente aux dents manquantes, r\u00e9tablissant votre confiance et votre sant\u00e9 bucco-dentaire. Planifiez une consultation avec nous d\u00e8s aujourd\u2019hui et embarquez pour red\u00e9couvrir votre sourire. Alan Clinic \u2013 o\u00f9 l\u2019innovation rencontre l\u2019excellence en soins dentaires.<\/p>\n<p>&nbsp;<\/p>\n<\/div>\n\t\t<\/div><\/div><\/div><\/div><\/div><\/div>\n<\/div>","protected":false},"excerpt":{"rendered":"Welcome to Alan Clinic, where we specialize in restoring smiles and confidence through cutting-edge dental solutions. If you're seeking a permanent and natural-looking replacement for missing teeth, our dental implant procedure is the ideal solution for you. Explore how Alan Clinic combines expertise and innovation to bring back the joy of a complete, functional smile with our seamless dental implant operations. Understanding Dental Implants: Dental implants are the gold standard in tooth replacement, providing a long-lasting, durable solution that mimics the look and feel of natural teeth. At Alan Clinic, our dental implant procedure involves the surgical placement of titanium posts into the jawbone to serve as secure anchors for lifelike prosthetic teeth. The Alan Clinic Dental Implant Procedure: Comprehensive Consultation: Your journey begins with a thorough examination and consultation with our experienced dental team. We assess your oral health, discuss your treatment goals, and develop a personalized plan tailored [...]","protected":false},"author":1,"featured_media":12767,"parent":0,"menu_order":0,"comment_status":"closed","ping_status":"closed","template":"","meta":{"om_disable_all_campaigns":false,"_joinchat":[],"footnotes":""},"class_list":["post-12766","page","type-page","status-publish","has-post-thumbnail","hentry"],"_links":{"self":[{"href":"https:\/\/alan-clinic.com\/fr\/wp-json\/wp\/v2\/pages\/12766","targetHints":{"allow":["GET"]}}],"collection":[{"href":"https:\/\/alan-clinic.com\/fr\/wp-json\/wp\/v2\/pages"}],"about":[{"href":"https:\/\/alan-clinic.com\/fr\/wp-json\/wp\/v2\/types\/page"}],"author":[{"embeddable":true,"href":"https:\/\/alan-clinic.com\/fr\/wp-json\/wp\/v2\/users\/1"}],"replies":[{"embeddable":true,"href":"https:\/\/alan-clinic.com\/fr\/wp-json\/wp\/v2\/comments?post=12766"}],"version-history":[{"count":0,"href":"https:\/\/alan-clinic.com\/fr\/wp-json\/wp\/v2\/pages\/12766\/revisions"}],"wp:featuredmedia":[{"embeddable":true,"href":"https:\/\/alan-clinic.com\/fr\/wp-json\/wp\/v2\/media\/12767"}],"wp:attachment":[{"href":"https:\/\/alan-clinic.com\/fr\/wp-json\/wp\/v2\/media?parent=12766"}],"curies":[{"name":"wp","href":"https:\/\/api.w.org\/{rel}","templated":true}]}}