{"id":12740,"date":"2024-01-25T06:53:31","date_gmt":"2024-01-25T06:53:31","guid":{"rendered":"https:\/\/alanclinic.loomjet.com\/?page_id=12740"},"modified":"2024-01-25T08:37:01","modified_gmt":"2024-01-25T08:37:01","slug":"achieve-your-hollywood-smile-at-alan-clinic","status":"publish","type":"page","link":"https:\/\/alan-clinic.com\/fr\/achieve-your-hollywood-smile-at-alan-clinic\/","title":{"rendered":"Obtenez votre sourire hollywoodien \u00e0 la clinique Alan"},"content":{"rendered":"<div class=\"wpb-content-wrapper\"><div class=\"vc_row wpb_row vc_row-fluid\"><div class=\"wpb_column vc_column_container vc_col-sm-12\"><div class=\"vc_column-inner\"><div class=\"wpb_wrapper\">\n\t<div class=\"wpb_text_column wpb_content_element\" >\n\t\t<div class=\"wpb_wrapper\">\n\t\t\t<h4>**Dentisterie esth\u00e9tique transformatrice**<\/h4>\n<p>Bienvenue \u00e0 la clinique Alan, o\u00f9 nous sommes sp\u00e9cialis\u00e9s dans l&#039;apport du glamour des sourires hollywoodiens gr\u00e2ce \u00e0 nos proc\u00e9dures avanc\u00e9es de dentisterie esth\u00e9tique. Si vous avez toujours r\u00eav\u00e9 d&#039;avoir un sourire radieux et confiant \u00e0 l&#039;image des stars d&#039;Hollywood, notre proc\u00e9dure Hollywood Smile est la solution parfaite pour vous. D\u00e9couvrez comment Alan Clinic peut am\u00e9liorer votre sourire et renforcer votre confiance en vous gr\u00e2ce \u00e0 nos services de dentisterie esth\u00e9tique de pointe.<\/p>\n<p>&nbsp;<\/p>\n<h4><strong>Qu&#039;est-ce qu&#039;un sourire hollywoodien ?<\/strong><\/h4>\n<p>Un sourire hollywoodien est bien plus qu&#039;un simple ensemble de blancs nacr\u00e9s ; c&#039;est un symbole de confiance et de beaut\u00e9. Ce sourire recherch\u00e9 se caract\u00e9rise par des dents parfaitement align\u00e9es, brillantes et impeccables. \u00c0 Alan Clinic, notre proc\u00e9dure Hollywood Smile est con\u00e7ue pour rehausser votre beaut\u00e9 naturelle et vous donner un sourire \u00e9poustouflant qui rivalise avec les stars les plus brillantes d&#039;Hollywood.<\/p>\n<h4><strong>Notre proc\u00e9dure Hollywood Smile\u00a0:<\/strong><\/h4>\n<p>Notre \u00e9quipe d&#039;experts de l&#039;Alan Clinic utilise les derni\u00e8res avanc\u00e9es en mati\u00e8re de dentisterie esth\u00e9tique pour cr\u00e9er votre sourire hollywoodien personnalis\u00e9. La proc\u00e9dure implique g\u00e9n\u00e9ralement une combinaison de traitements tels que le blanchiment des dents, les facettes, le collage et l\u2019orthodontie, adapt\u00e9s \u00e0 vos besoins dentaires uniques. Nous travaillons en \u00e9troite collaboration avec vous pour cr\u00e9er un plan de traitement personnalis\u00e9 qui assure une transformation naturelle et harmonieuse.<\/p>\n<h5><strong>Blanchissement dentaire:<\/strong><\/h5>\n<p>Commencez votre voyage Hollywood Smile avec un blanchiment des dents professionnel \u00e0 la clinique Alan. Nos traitements de blanchiment s\u00fbrs et efficaces peuvent \u00e9liminer les taches et la d\u00e9coloration, laissant vos dents plusieurs nuances plus claires et visiblement plus brillantes.<\/p>\n<h5><strong>Facettes\u00a0:<\/strong><\/h5>\n<p>Pour une apparence impeccable et uniforme, les facettes sont un choix populaire pour obtenir un sourire hollywoodien. Ces coquilles en porcelaine ultra fines et faites sur mesure sont coll\u00e9es \u00e0 l&#039;avant de vos dents, corrigeant les imperfections telles que les espaces, les \u00e9clats et les d\u00e9salignements.<\/p>\n<h5><strong>Collage\u00a0:<\/strong><\/h5>\n<p>Le collage dentaire est une technique polyvalente utilis\u00e9e pour r\u00e9parer des imperfections mineures comme des \u00e9clats ou des fissures. Nos dentistes qualifi\u00e9s utilisent une r\u00e9sine composite de la couleur des dents pour remodeler et am\u00e9liorer vos dents, offrant ainsi un r\u00e9sultat homog\u00e8ne et naturel.<\/p>\n<h5><strong>Orthodontie:<\/strong><\/h5>\n<p>Redresser vos dents peut \u00eatre une \u00e9tape cruciale pour obtenir le sourire hollywoodien parfait. Alan Clinic propose une vari\u00e9t\u00e9 de traitements orthodontiques, notamment des aligneurs invisibles et des appareils orthodontiques traditionnels, pour aligner vos dents et cr\u00e9er un sourire incroyablement sym\u00e9trique.<\/p>\n<h4><strong>Pourquoi choisir Alan Clinic pour votre sourire hollywoodien ?<\/strong><\/h4>\n<ol>\n<li><strong>\u00c9quipe exp\u00e9riment\u00e9e\u00a0:<\/strong> Nos dentistes et sp\u00e9cialistes dentaires qualifi\u00e9s poss\u00e8dent une vaste exp\u00e9rience en dentisterie esth\u00e9tique et se consacrent \u00e0 fournir des soins de la plus haute qualit\u00e9.<\/li>\n<li><strong>Technologie de pointe:<\/strong> Alan Clinic est \u00e9quip\u00e9e des derni\u00e8res technologies dentaires, garantissant des traitements pr\u00e9cis et efficaces pour votre transformation Hollywood Smile.<\/li>\n<li><strong>Approche personnalis\u00e9e\u00a0:<\/strong> Nous comprenons que chaque sourire est unique. Notre \u00e9quipe prend le temps de comprendre vos objectifs et vos pr\u00e9occupations, en \u00e9laborant un plan de traitement Hollywood Smile adapt\u00e9 \u00e0 vos besoins individuels.<\/li>\n<\/ol>\n<h5><strong>Conclusion:<\/strong><\/h5>\n<p>\u00c0 la Clinique Alan, nous pensons que tout le monde m\u00e9rite un sourire qui illumine la pi\u00e8ce. Notre proc\u00e9dure Hollywood Smile allie talent artistique et science pour vous donner un sourire radieux et confiant qui laissera une impression durable. Planifiez une consultation avec nous d\u00e8s aujourd&#039;hui et faites le premier pas vers l&#039;obtention du sourire hollywoodien dont vous avez toujours r\u00eav\u00e9. Votre voyage vers une personne plus confiante et plus belle commence \u00e0 la Clinique Alan.<\/p>\n\n\t\t<\/div>\n\t<\/div>\n<\/div><\/div><\/div><\/div>\n<\/div>","protected":false},"excerpt":{"rendered":"**Transformative Cosmetic Dentistry** Welcome to Alan Clinic, where we specialize in bringing the glamour of Hollywood smiles to you through our advanced cosmetic dentistry procedures. If you've ever dreamed of having a radiant, confident smile that mirrors the stars of Hollywood, our Hollywood Smile procedure is the perfect solution for you. Discover how Alan Clinic can enhance your smile and boost your self-confidence with our state-of-the-art cosmetic dentistry services. &nbsp; What is a Hollywood Smile? A Hollywood Smile is more than just a set of pearly whites; it's a symbol of confidence and beauty. This sought-after smile is characterized by perfectly aligned, bright, and flawless teeth. At Alan Clinic, our Hollywood Smile procedure is designed to enhance your natural beauty and give you a stunning smile that rivals the brightest stars in Hollywood. Our Hollywood Smile Procedure: Our expert team at Alan Clinic employs the latest advancements in cosmetic dentistry [...]","protected":false},"author":1,"featured_media":12742,"parent":0,"menu_order":0,"comment_status":"closed","ping_status":"closed","template":"","meta":{"om_disable_all_campaigns":false,"_joinchat":[],"footnotes":""},"class_list":["post-12740","page","type-page","status-publish","has-post-thumbnail","hentry"],"_links":{"self":[{"href":"https:\/\/alan-clinic.com\/fr\/wp-json\/wp\/v2\/pages\/12740","targetHints":{"allow":["GET"]}}],"collection":[{"href":"https:\/\/alan-clinic.com\/fr\/wp-json\/wp\/v2\/pages"}],"about":[{"href":"https:\/\/alan-clinic.com\/fr\/wp-json\/wp\/v2\/types\/page"}],"author":[{"embeddable":true,"href":"https:\/\/alan-clinic.com\/fr\/wp-json\/wp\/v2\/users\/1"}],"replies":[{"embeddable":true,"href":"https:\/\/alan-clinic.com\/fr\/wp-json\/wp\/v2\/comments?post=12740"}],"version-history":[{"count":0,"href":"https:\/\/alan-clinic.com\/fr\/wp-json\/wp\/v2\/pages\/12740\/revisions"}],"wp:featuredmedia":[{"embeddable":true,"href":"https:\/\/alan-clinic.com\/fr\/wp-json\/wp\/v2\/media\/12742"}],"wp:attachment":[{"href":"https:\/\/alan-clinic.com\/fr\/wp-json\/wp\/v2\/media?parent=12740"}],"curies":[{"name":"wp","href":"https:\/\/api.w.org\/{rel}","templated":true}]}}